{"id":75,"date":"2025-07-27T20:33:38","date_gmt":"2025-07-27T20:33:38","guid":{"rendered":"https:\/\/filippinerne.sarmiento.dk\/?page_id=75"},"modified":"2025-07-27T20:38:21","modified_gmt":"2025-07-27T20:38:21","slug":"chocolate-hills-2","status":"publish","type":"page","link":"https:\/\/filippinerne.sarmiento.dk\/index.php\/chocolate-hills-2\/","title":{"rendered":"Chocolate Hills"},"content":{"rendered":"<p>[et_pb_section fb_built=&#8221;1&#8243; admin_label=&#8221;Header&#8221; _builder_version=&#8221;4.27.4&#8243; _module_preset=&#8221;default&#8221; background_color=&#8221;#FFFFFF&#8221; custom_padding=&#8221;||0px|||&#8221; hover_enabled=&#8221;0&#8243; locked=&#8221;off&#8221; global_colors_info=&#8221;{}&#8221; theme_builder_area=&#8221;post_content&#8221; sticky_enabled=&#8221;0&#8243;][et_pb_row column_structure=&#8221;3_5,2_5&#8243; _builder_version=&#8221;4.16&#8243; _module_preset=&#8221;default&#8221; global_colors_info=&#8221;{}&#8221; theme_builder_area=&#8221;post_content&#8221;][et_pb_column type=&#8221;3_5&#8243; _builder_version=&#8221;4.16&#8243; _module_preset=&#8221;default&#8221; global_colors_info=&#8221;{}&#8221; theme_builder_area=&#8221;post_content&#8221;][et_pb_text _builder_version=&#8221;4.27.4&#8243; _module_preset=&#8221;d72c0383-6487-4f2c-ac5c-7d48a6376757&#8243; header_font=&#8221;Trirong||||||||&#8221; header_text_color=&#8221;#000000&#8243; header_font_size=&#8221;80px&#8221; header_line_height=&#8221;1.1em&#8221; max_width=&#8221;700px&#8221; custom_margin=&#8221;||10px||false|false&#8221; hover_enabled=&#8221;0&#8243; header_font_size_tablet=&#8221;60px&#8221; header_font_size_phone=&#8221;26px&#8221; header_font_size_last_edited=&#8221;on|phone&#8221; global_colors_info=&#8221;{}&#8221; theme_builder_area=&#8221;post_content&#8221; sticky_enabled=&#8221;0&#8243; text_font=&#8221;&#8211;et_global_heading_font||||||||&#8221;]<\/p>\n<h1>Chocolate Hills<\/h1>\n<p>[\/et_pb_text][et_pb_text _builder_version=&#8221;4.27.4&#8243; _module_preset=&#8221;aec0be99-8a53-4f75-abf2-64f29a8b4cc2&#8243; text_font=&#8221;Inknut Antiqua||||||||&#8221; text_font_size=&#8221;20px&#8221; text_letter_spacing=&#8221;-0.04em&#8221; text_line_height=&#8221;1.8em&#8221; hover_enabled=&#8221;0&#8243; text_font_size_tablet=&#8221;16px&#8221; text_font_size_phone=&#8221;14px&#8221; text_font_size_last_edited=&#8221;on|phone&#8221; global_colors_info=&#8221;{}&#8221; theme_builder_area=&#8221;post_content&#8221; sticky_enabled=&#8221;0&#8243;]<\/p>\n<p>Filippinernes naturlige vidunder<\/p>\n<p>[\/et_pb_text][\/et_pb_column][et_pb_column type=&#8221;2_5&#8243; _builder_version=&#8221;4.16&#8243; _module_preset=&#8221;default&#8221; global_colors_info=&#8221;{}&#8221; theme_builder_area=&#8221;post_content&#8221;][et_pb_image src=&#8221;https:\/\/filippinerne.sarmiento.dk\/wp-content\/uploads\/2025\/07\/chocolate-hills.jpg&#8221; title_text=&#8221;chocolate-hills&#8221; _builder_version=&#8221;4.27.4&#8243; _module_preset=&#8221;default&#8221; hover_enabled=&#8221;0&#8243; global_colors_info=&#8221;{}&#8221; theme_builder_area=&#8221;post_content&#8221; sticky_enabled=&#8221;0&#8243;][\/et_pb_image][\/et_pb_column][\/et_pb_row][et_pb_row _builder_version=&#8221;4.27.4&#8243; _module_preset=&#8221;default&#8221; theme_builder_area=&#8221;post_content&#8221;][et_pb_column _builder_version=&#8221;4.27.4&#8243; _module_preset=&#8221;default&#8221; type=&#8221;4_4&#8243; theme_builder_area=&#8221;post_content&#8221;][et_pb_divider _builder_version=&#8221;4.27.4&#8243; _module_preset=&#8221;default&#8221; theme_builder_area=&#8221;post_content&#8221; divider_weight=&#8221;3px&#8221; color=&#8221;#E02B20&#8243; hover_enabled=&#8221;0&#8243; sticky_enabled=&#8221;0&#8243;][\/et_pb_divider][\/et_pb_column][\/et_pb_row][\/et_pb_section][et_pb_section fb_built=&#8221;1&#8243; custom_padding_last_edited=&#8221;off|desktop&#8221; admin_label=&#8221;About&#8221; _builder_version=&#8221;4.27.4&#8243; _module_preset=&#8221;default&#8221; background_color=&#8221;#FFFFFF&#8221; custom_padding=&#8221;0px|||||&#8221; custom_padding_tablet=&#8221;||80px||false|false&#8221; custom_padding_phone=&#8221;||50px||false|false&#8221; hover_enabled=&#8221;0&#8243; locked=&#8221;off&#8221; global_colors_info=&#8221;{}&#8221; theme_builder_area=&#8221;post_content&#8221; sticky_enabled=&#8221;0&#8243;][et_pb_row column_structure=&#8221;3_5,2_5&#8243; _builder_version=&#8221;4.27.4&#8243; _module_preset=&#8221;default&#8221; hover_enabled=&#8221;0&#8243; global_colors_info=&#8221;{}&#8221; theme_builder_area=&#8221;post_content&#8221; sticky_enabled=&#8221;0&#8243;][et_pb_column type=&#8221;3_5&#8243; _builder_version=&#8221;4.16&#8243; _module_preset=&#8221;default&#8221; global_colors_info=&#8221;{}&#8221; theme_builder_area=&#8221;post_content&#8221;][et_pb_text _builder_version=&#8221;4.27.4&#8243; _module_preset=&#8221;16a54059-cc81-4572-9c70-eda6a6c419bf&#8221; text_font=&#8221;&#8211;et_global_body_font||||||||&#8221; text_text_color=&#8221;#000000&#8243; text_font_size=&#8221;16px&#8221; text_line_height=&#8221;1.9em&#8221; hover_enabled=&#8221;0&#8243; text_font_size_tablet=&#8221;15px&#8221; text_font_size_phone=&#8221;14px&#8221; text_font_size_last_edited=&#8221;on|phone&#8221; header_font_size_tablet=&#8221;55px&#8221; header_font_size_last_edited=&#8221;off|desktop&#8221; global_colors_info=&#8221;{}&#8221; theme_builder_area=&#8221;post_content&#8221; sticky_enabled=&#8221;0&#8243;]<\/p>\n<p data-start=\"67\" data-end=\"440\">Midt i hjertet af Bohol, en \u00f8 i det centrale Filippinerne, rejser sig et landskab s\u00e5 unikt og mystisk, at det n\u00e6sten virker som noget taget ud af et eventyr. Chocolate Hills \u2013 opkaldt efter den chokoladebrune farve, de f\u00e5r i t\u00f8rketiden \u2013 er en geologisk formation best\u00e5ende af over 1.200 n\u00e6sten perfekt symmetriske, gr\u00e6skl\u00e6dte bakker, der str\u00e6kker sig s\u00e5 langt \u00f8jet r\u00e6kker.<\/p>\n<p data-start=\"67\" data-end=\"440\">\n<h3 data-start=\"442\" data-end=\"464\">En naturskabt g\u00e5de<\/h3>\n<p data-start=\"466\" data-end=\"907\">Hver bakke er mellem 30 og 50 meter h\u00f8j og d\u00e6kket af t\u00e6t gr\u00e6s, der i regntiden st\u00e5r i frodigt gr\u00f8nt, men som i den t\u00f8rre periode mellem februar og maj skifter til en m\u00f8rkebrun nuance \u2013 heraf navnet &#8220;Chocolate Hills.&#8221; Trods \u00e5rtiers forskning er der stadig ingen endelig forklaring p\u00e5, hvordan disse bakker er blevet til. Nogle mener, de er resultatet af millioner af \u00e5rs erosion af kalksten, mens lokale legender taler om k\u00e6mper og k\u00e6rlighed.<\/p>\n<p data-start=\"909\" data-end=\"1242\">If\u00f8lge en af de mest popul\u00e6re fort\u00e6llinger blev bakkerne til, da to k\u00e6mper kastede sten og jord efter hinanden under en voldsom kamp. Da de til sidst forsonede sig, efterlod de landskabet d\u00e6kket af de runde bakker. En anden version fort\u00e6ller om en k\u00e6mpe, der gr\u00e6d bitre t\u00e5rer over en tabt k\u00e6rlighed, og at bakkerne er stivnede t\u00e5rer.<\/p>\n<p data-start=\"909\" data-end=\"1242\">\n<h3 data-start=\"1244\" data-end=\"1275\">Udsigten, du aldrig glemmer<\/h3>\n<p data-start=\"1277\" data-end=\"1618\">Det bedste sted at opleve Chocolate Hills er fra udsigtspunktet i Carmen, hvor man kan tage trapperne op til en platform, der giver en spektakul\u00e6r panoramaudsigt over det b\u00f8lgende landskab. Herfra ser bakkerne n\u00e6sten ud som k\u00e6mpe muldvarpeskud, perfekt anbragt i et m\u00f8nster, der trodser al logik \u2013 og som imponerer b\u00e5de geologer og rejsende.<\/p>\n<p data-start=\"1620\" data-end=\"1880\">Solopgang og solnedgang er de bedste tidspunkter at bes\u00f8ge, n\u00e5r det bl\u00f8de lys kaster lange skygger og fremh\u00e6ver bakkerne i deres fulde dramatiske sk\u00f8nhed. Mange bes\u00f8gende v\u00e6lger at tage p\u00e5 ATV-tur gennem omr\u00e5det eller udforske n\u00e6rliggende grotter og rismarker.<\/p>\n<p data-start=\"1620\" data-end=\"1880\">\n<h3 data-start=\"1882\" data-end=\"1899\">Rejsen dertil<\/h3>\n<p data-start=\"1901\" data-end=\"2187\">Chocolate Hills ligger cirka to timers k\u00f8rsel fra Tagbilaran City, Bohols hovedstad. De fleste turister kommer til Bohol via f\u00e6rge fra Cebu City eller med fly fra Manila. \u00d8en er ogs\u00e5 kendt for sine tarsiere \u2013 verdens mindste primater \u2013 som man kan bes\u00f8ge i Tarsier Sanctuary i n\u00e6rheden.<\/p>\n<p data-start=\"1901\" data-end=\"2187\">\n<h3 data-start=\"2189\" data-end=\"2215\">En del af noget st\u00f8rre<\/h3>\n<p data-start=\"2217\" data-end=\"2508\">Et bes\u00f8g til Chocolate Hills er mere end bare et stop ved et naturf\u00e6nomen \u2013 det er en oplevelse, der giver indblik i Filippinernes unikke natur, rige mytologi og g\u00e6stfrie kultur. Landskabet er ikke bare smukt; det f\u00f8les n\u00e6sten spirituelt, som om hver bakke har sin egen historie at fort\u00e6lle.<\/p>\n<p>[\/et_pb_text][\/et_pb_column][et_pb_column type=&#8221;2_5&#8243; _builder_version=&#8221;4.16&#8243; _module_preset=&#8221;default&#8221; global_colors_info=&#8221;{}&#8221; theme_builder_area=&#8221;post_content&#8221;][et_pb_blurb image=&#8221;https:\/\/filippinerne.sarmiento.dk\/wp-content\/uploads\/2025\/07\/chocolate-hills1.jpg&#8221; _builder_version=&#8221;4.27.4&#8243; _module_preset=&#8221;default&#8221; theme_builder_area=&#8221;post_content&#8221; hover_enabled=&#8221;0&#8243; sticky_enabled=&#8221;0&#8243; title_text=&#8221;chocolate-hills1&#8243; body_font=&#8221;&#8211;et_global_body_font||||||||&#8221; body_text_color=&#8221;#000000&#8243; body_line_height=&#8221;1.9em&#8221;]<\/p>\n<p>Chocolate Hills er ikke bare en destination \u2013 det er et vidnesbyrd om naturens fantasi og Filippinernes magiske tiltr\u00e6kning.<\/p>\n<p>[\/et_pb_blurb][et_pb_text _builder_version=&#8221;4.27.4&#8243; _module_preset=&#8221;default&#8221; theme_builder_area=&#8221;post_content&#8221; hover_enabled=&#8221;0&#8243; sticky_enabled=&#8221;0&#8243; text_font=&#8221;&#8211;et_global_body_font||||||||&#8221; text_font_size=&#8221;16px&#8221; text_text_color=&#8221;#000000&#8243; text_line_height=&#8221;1.9em&#8221; border_width_all=&#8221;3px&#8221; border_color_all=&#8221;#0C71C3&#8243; custom_margin=&#8221;0px||||false|false&#8221; custom_padding=&#8221;5px|5px|5px|5px|false|false&#8221;]<\/p>\n<h2>Tips<\/h2>\n<ul>\n<li data-start=\"2531\" data-end=\"2610\">\n<p data-start=\"2533\" data-end=\"2610\">Bes\u00f8g i den t\u00f8rre s\u00e6son (februar\u2013maj) for at se de &#8220;chokoladebrune&#8221; bakker.<\/p>\n<\/li>\n<li data-start=\"2611\" data-end=\"2677\">\n<p data-start=\"2613\" data-end=\"2677\">Medbring gode sko \u2013 udsigtspunktet kr\u00e6ver en lille opstigning.<\/p>\n<\/li>\n<\/ul>\n<p>[\/et_pb_text][\/et_pb_column][\/et_pb_row][\/et_pb_section]<\/p>\n","protected":false},"excerpt":{"rendered":"<p>Chocolate HillsFilippinernes naturlige vidunderMidt i hjertet af Bohol, en \u00f8 i det centrale Filippinerne, rejser sig et landskab s\u00e5 unikt og mystisk, at det n\u00e6sten virker som noget taget ud af et eventyr. Chocolate Hills \u2013 opkaldt efter den chokoladebrune farve, de f\u00e5r i t\u00f8rketiden \u2013 er en geologisk formation best\u00e5ende af over 1.200 n\u00e6sten [&hellip;]<\/p>\n","protected":false},"author":1,"featured_media":0,"parent":0,"menu_order":0,"comment_status":"closed","ping_status":"closed","template":"","meta":{"_et_pb_use_builder":"on","_et_pb_old_content":"","_et_gb_content_width":"","footnotes":""},"class_list":["post-75","page","type-page","status-publish","hentry"],"_links":{"self":[{"href":"https:\/\/filippinerne.sarmiento.dk\/index.php\/wp-json\/wp\/v2\/pages\/75","targetHints":{"allow":["GET"]}}],"collection":[{"href":"https:\/\/filippinerne.sarmiento.dk\/index.php\/wp-json\/wp\/v2\/pages"}],"about":[{"href":"https:\/\/filippinerne.sarmiento.dk\/index.php\/wp-json\/wp\/v2\/types\/page"}],"author":[{"embeddable":true,"href":"https:\/\/filippinerne.sarmiento.dk\/index.php\/wp-json\/wp\/v2\/users\/1"}],"replies":[{"embeddable":true,"href":"https:\/\/filippinerne.sarmiento.dk\/index.php\/wp-json\/wp\/v2\/comments?post=75"}],"version-history":[{"count":6,"href":"https:\/\/filippinerne.sarmiento.dk\/index.php\/wp-json\/wp\/v2\/pages\/75\/revisions"}],"predecessor-version":[{"id":87,"href":"https:\/\/filippinerne.sarmiento.dk\/index.php\/wp-json\/wp\/v2\/pages\/75\/revisions\/87"}],"wp:attachment":[{"href":"https:\/\/filippinerne.sarmiento.dk\/index.php\/wp-json\/wp\/v2\/media?parent=75"}],"curies":[{"name":"wp","href":"https:\/\/api.w.org\/{rel}","templated":true}]}}